{"id":174,"date":"2022-12-15T15:00:07","date_gmt":"2022-12-15T14:00:07","guid":{"rendered":"https:\/\/wp.moldurasgarcia.net\/?p=174"},"modified":"2023-04-12T17:12:33","modified_gmt":"2023-04-12T16:12:33","slug":"modelo-p-s-n","status":"publish","type":"product","link":"https:\/\/moldurasgarcia.net\/fr\/produit\/modele-p-s-s-n\/","title":{"rendered":"Mod\u00e8le P.S.N. (Main courante)"},"content":{"rendered":"<p>Compl\u00e9ment pour main courante avec dimensions 70\u00d745, 9\u00d745<\/p>","protected":false},"excerpt":{"rendered":"<p>Compl\u00e9ment pour main courante avec dimensions 70\u00d745, 9\u00d745<\/p>","protected":false},"featured_media":769,"comment_status":"closed","ping_status":"closed","template":"","meta":{"_et_pb_use_builder":"","_et_pb_old_content":"","_et_gb_content_width":"","om_disable_all_campaigns":false},"product_brand":[],"product_cat":[26],"product_tag":[],"class_list":{"0":"post-174","1":"product","2":"type-product","3":"status-publish","4":"has-post-thumbnail","6":"product_cat-complementos","8":"first","9":"instock","10":"shipping-taxable","11":"product-type-simple"},"aioseo_notices":[],"_links":{"self":[{"href":"https:\/\/moldurasgarcia.net\/fr\/wp-json\/wp\/v2\/product\/174","targetHints":{"allow":["GET"]}}],"collection":[{"href":"https:\/\/moldurasgarcia.net\/fr\/wp-json\/wp\/v2\/product"}],"about":[{"href":"https:\/\/moldurasgarcia.net\/fr\/wp-json\/wp\/v2\/types\/product"}],"replies":[{"embeddable":true,"href":"https:\/\/moldurasgarcia.net\/fr\/wp-json\/wp\/v2\/comments?post=174"}],"wp:featuredmedia":[{"embeddable":true,"href":"https:\/\/moldurasgarcia.net\/fr\/wp-json\/wp\/v2\/media\/769"}],"wp:attachment":[{"href":"https:\/\/moldurasgarcia.net\/fr\/wp-json\/wp\/v2\/media?parent=174"}],"wp:term":[{"taxonomy":"product_brand","embeddable":true,"href":"https:\/\/moldurasgarcia.net\/fr\/wp-json\/wp\/v2\/product_brand?post=174"},{"taxonomy":"product_cat","embeddable":true,"href":"https:\/\/moldurasgarcia.net\/fr\/wp-json\/wp\/v2\/product_cat?post=174"},{"taxonomy":"product_tag","embeddable":true,"href":"https:\/\/moldurasgarcia.net\/fr\/wp-json\/wp\/v2\/product_tag?post=174"}],"curies":[{"name":"wp","href":"https:\/\/api.w.org\/{rel}","templated":true}]}}