{"id":134,"date":"2022-12-15T16:36:00","date_gmt":"2022-12-15T15:36:00","guid":{"rendered":"https:\/\/wp.moldurasgarcia.net\/?p=134"},"modified":"2023-04-11T18:14:59","modified_gmt":"2023-04-11T17:14:59","slug":"modelo-370","status":"publish","type":"product","link":"https:\/\/moldurasgarcia.net\/fr\/produit\/modele-370\/","title":{"rendered":"Mod\u00e8le 370"},"content":{"rendered":"<p>Moulage avec les dimensions suivantes :<br \/><strong>70&#215;9 &#8211; 70&#215;10 &#8211; 70&#215;12<\/strong><\/p>","protected":false},"excerpt":{"rendered":"<p>Moulures aux dimensions suivantes : 70\u00d79 - 70\u00d710 - 70\u00d712<\/p>","protected":false},"featured_media":740,"comment_status":"closed","ping_status":"closed","template":"","meta":{"_et_pb_use_builder":"","_et_pb_old_content":"","_et_gb_content_width":"","om_disable_all_campaigns":false},"product_brand":[],"product_cat":[27],"product_tag":[],"class_list":{"0":"post-134","1":"product","2":"type-product","3":"status-publish","4":"has-post-thumbnail","6":"product_cat-molduras","8":"first","9":"instock","10":"shipping-taxable","11":"product-type-simple"},"aioseo_notices":[],"_links":{"self":[{"href":"https:\/\/moldurasgarcia.net\/fr\/wp-json\/wp\/v2\/product\/134","targetHints":{"allow":["GET"]}}],"collection":[{"href":"https:\/\/moldurasgarcia.net\/fr\/wp-json\/wp\/v2\/product"}],"about":[{"href":"https:\/\/moldurasgarcia.net\/fr\/wp-json\/wp\/v2\/types\/product"}],"replies":[{"embeddable":true,"href":"https:\/\/moldurasgarcia.net\/fr\/wp-json\/wp\/v2\/comments?post=134"}],"wp:featuredmedia":[{"embeddable":true,"href":"https:\/\/moldurasgarcia.net\/fr\/wp-json\/wp\/v2\/media\/740"}],"wp:attachment":[{"href":"https:\/\/moldurasgarcia.net\/fr\/wp-json\/wp\/v2\/media?parent=134"}],"wp:term":[{"taxonomy":"product_brand","embeddable":true,"href":"https:\/\/moldurasgarcia.net\/fr\/wp-json\/wp\/v2\/product_brand?post=134"},{"taxonomy":"product_cat","embeddable":true,"href":"https:\/\/moldurasgarcia.net\/fr\/wp-json\/wp\/v2\/product_cat?post=134"},{"taxonomy":"product_tag","embeddable":true,"href":"https:\/\/moldurasgarcia.net\/fr\/wp-json\/wp\/v2\/product_tag?post=134"}],"curies":[{"name":"wp","href":"https:\/\/api.w.org\/{rel}","templated":true}]}}