{"id":106,"date":"2022-12-15T14:44:35","date_gmt":"2022-12-15T13:44:35","guid":{"rendered":"https:\/\/wp.moldurasgarcia.net\/?p=106"},"modified":"2023-03-16T14:08:55","modified_gmt":"2023-03-16T13:08:55","slug":"madera-de-roble-blanco-americano","status":"publish","type":"product","link":"https:\/\/moldurasgarcia.net\/fr\/produit\/chene-blanc-americain-bois-de-chene-blanc-americain-bois-de-chene-blanc-americain\/","title":{"rendered":"Ch\u00eane blanc am\u00e9ricain"},"content":{"rendered":"<p>L'American white oak est un bois dur et durable, couramment utilis\u00e9 dans l'ameublement, les parquets, les rampes de bar et la charpenterie de construction. Il est connu pour sa couleur jaune clair et ses anneaux de croissance distincts. L'American white oak est \u00e9galement appr\u00e9ci\u00e9 dans la production de vin en raison de sa capacit\u00e9 \u00e0 am\u00e9liorer le go\u00fbt et la texture du vin lorsqu'il est utilis\u00e9 dans des f\u00fbts de ch\u00eane. En outre, il est r\u00e9sistant \u00e0 l'humidit\u00e9 et aux insectes, ce qui le rend id\u00e9al pour les applications ext\u00e9rieures et de construction. C'est un bois polyvalent et durable, appr\u00e9ci\u00e9 pour son esth\u00e9tique et sa solidit\u00e9.<\/p>\r\n<p><strong>Nom scientifique :<\/strong> Quercus alba L.<br \/><strong>Espagnol :<\/strong> Ch\u00eane blanc am\u00e9ricain<\/p>\r\n<p><strong>Description du bois<\/strong><\/p>\r\n<ul>\r\n<li>Aubier : Cr\u00e8me<\/li>\r\n<li>Bois de c\u0153ur : brun p\u00e2le<\/li>\r\n<li>Fibre : droite<\/li>\r\n<li>Grain : moyen<\/li>\r\n<\/ul>\r\n<p>Applications<\/p>\r\n<ul>\r\n<li>Meubles rustiques d'int\u00e9rieur et d'ext\u00e9rieur.<\/li>\r\n<li>Menuiserie et rev\u00eatement int\u00e9rieurs et ext\u00e9rieurs : portes, fen\u00eatres, cadres, planchers, parquets, frises, moulures, escaliers.<\/li>\r\n<li>Insignes d\u00e9coratifs.<\/li>\r\n<li>Stripboard.<\/li>\r\n<li>F\u00fbts.<\/li>\r\n<\/ul>","protected":false},"excerpt":{"rendered":"<p>L'American white oak est un bois dur et durable, couramment utilis\u00e9 dans l'ameublement, les parquets, les rampes de bar et la charpenterie de construction. Il est connu pour sa couleur jaune clair et ses anneaux de croissance distincts.<\/p>","protected":false},"featured_media":334,"comment_status":"closed","ping_status":"closed","template":"","meta":{"_et_pb_use_builder":"","_et_pb_old_content":"","_et_gb_content_width":"","om_disable_all_campaigns":false},"product_brand":[],"product_cat":[29],"product_tag":[],"class_list":{"0":"post-106","1":"product","2":"type-product","3":"status-publish","4":"has-post-thumbnail","6":"product_cat-maderas","8":"first","9":"instock","10":"shipping-taxable","11":"product-type-simple"},"aioseo_notices":[],"_links":{"self":[{"href":"https:\/\/moldurasgarcia.net\/fr\/wp-json\/wp\/v2\/product\/106","targetHints":{"allow":["GET"]}}],"collection":[{"href":"https:\/\/moldurasgarcia.net\/fr\/wp-json\/wp\/v2\/product"}],"about":[{"href":"https:\/\/moldurasgarcia.net\/fr\/wp-json\/wp\/v2\/types\/product"}],"replies":[{"embeddable":true,"href":"https:\/\/moldurasgarcia.net\/fr\/wp-json\/wp\/v2\/comments?post=106"}],"wp:featuredmedia":[{"embeddable":true,"href":"https:\/\/moldurasgarcia.net\/fr\/wp-json\/wp\/v2\/media\/334"}],"wp:attachment":[{"href":"https:\/\/moldurasgarcia.net\/fr\/wp-json\/wp\/v2\/media?parent=106"}],"wp:term":[{"taxonomy":"product_brand","embeddable":true,"href":"https:\/\/moldurasgarcia.net\/fr\/wp-json\/wp\/v2\/product_brand?post=106"},{"taxonomy":"product_cat","embeddable":true,"href":"https:\/\/moldurasgarcia.net\/fr\/wp-json\/wp\/v2\/product_cat?post=106"},{"taxonomy":"product_tag","embeddable":true,"href":"https:\/\/moldurasgarcia.net\/fr\/wp-json\/wp\/v2\/product_tag?post=106"}],"curies":[{"name":"wp","href":"https:\/\/api.w.org\/{rel}","templated":true}]}}