{"id":100,"date":"2022-12-15T14:43:03","date_gmt":"2022-12-15T13:43:03","guid":{"rendered":"https:\/\/wp.moldurasgarcia.net\/?p=100"},"modified":"2023-03-16T14:10:26","modified_gmt":"2023-03-16T13:10:26","slug":"madera-de-pino-melis","status":"publish","type":"product","link":"https:\/\/moldurasgarcia.net\/fr\/produit\/pin-pin-melis-bois\/","title":{"rendered":"Pins jaunes"},"content":{"rendered":"<p>Le pin Melix est un choix populaire parmi les professionnels du bois en raison de son faible co\u00fbt et de sa facilit\u00e9 \u00e0 \u00eatre travaill\u00e9. D'une couleur jaune clair et d'une texture uniforme, le pin Melix est un bois polyvalent couramment utilis\u00e9 dans l'ameublement, les lambris, les terrasses et la menuiserie de construction. Il s'agit d'un bois de faible densit\u00e9, ce qui le rend plus facile \u00e0 travailler que d'autres bois durs, mais il est \u00e9galement moins durable. Cependant, il est r\u00e9sistant \u00e0 l'humidit\u00e9 et aux insectes, ce qui le rend id\u00e9al pour les applications de construction et de menuiserie int\u00e9rieure. C'est un excellent choix pour les projets n\u00e9cessitant un bois peu co\u00fbteux et facile \u00e0 travailler.<\/p>\r\n<p><strong>Nom scientifique :<\/strong> Pinus taeda L. ; P. elliotis Engelm ; P. echinata Mill ; P. palustris Mill.<br \/><strong>Espagnol :<\/strong> Pin jaune du Sud ; pin Melis ; pin Movila ; \u00e9pic\u00e9a commun ; pin de feu<\/p>\r\n<p><strong>Description du bois<\/strong><\/p>\r\n<ul>\r\n<li>Aubier : blanc jaun\u00e2tre<\/li>\r\n<li>Bois de c\u0153ur : brun rouge\u00e2tre<\/li>\r\n<li>Fibre : droite<\/li>\r\n<li>Grain : moyen<\/li>\r\n<li>D\u00e9fauts caract\u00e9ristiques : N\u0153uds, poches de r\u00e9sine, d\u00e9coloration et bois juv\u00e9nile.<\/li>\r\n<\/ul>\r\n<p><strong>Applications<\/strong><\/p>\r\n<ul>\r\n<li>Meubles d'int\u00e9rieur rustiques et jeunes<\/li>\r\n<li>Menuiseries et rev\u00eatements int\u00e9rieurs et semi-ext\u00e9rieurs : portes, fen\u00eatres, planchers, frises.<\/li>\r\n<li>Charpenterie<\/li>\r\n<li>Placage et contreplaqu\u00e9<\/li>\r\n<\/ul>","protected":false},"excerpt":{"rendered":"<p>Avec sa couleur jaune clair et sa texture uniforme, le pin Melix est un bois polyvalent qui est couramment utilis\u00e9 dans l'ameublement, les lambris, les parquets et la menuiserie de construction.<\/p>","protected":false},"featured_media":340,"comment_status":"closed","ping_status":"closed","template":"","meta":{"_et_pb_use_builder":"","_et_pb_old_content":"","_et_gb_content_width":"","om_disable_all_campaigns":false},"product_brand":[],"product_cat":[29],"product_tag":[],"class_list":{"0":"post-100","1":"product","2":"type-product","3":"status-publish","4":"has-post-thumbnail","6":"product_cat-maderas","8":"first","9":"instock","10":"shipping-taxable","11":"product-type-simple"},"aioseo_notices":[],"_links":{"self":[{"href":"https:\/\/moldurasgarcia.net\/fr\/wp-json\/wp\/v2\/product\/100","targetHints":{"allow":["GET"]}}],"collection":[{"href":"https:\/\/moldurasgarcia.net\/fr\/wp-json\/wp\/v2\/product"}],"about":[{"href":"https:\/\/moldurasgarcia.net\/fr\/wp-json\/wp\/v2\/types\/product"}],"replies":[{"embeddable":true,"href":"https:\/\/moldurasgarcia.net\/fr\/wp-json\/wp\/v2\/comments?post=100"}],"wp:featuredmedia":[{"embeddable":true,"href":"https:\/\/moldurasgarcia.net\/fr\/wp-json\/wp\/v2\/media\/340"}],"wp:attachment":[{"href":"https:\/\/moldurasgarcia.net\/fr\/wp-json\/wp\/v2\/media?parent=100"}],"wp:term":[{"taxonomy":"product_brand","embeddable":true,"href":"https:\/\/moldurasgarcia.net\/fr\/wp-json\/wp\/v2\/product_brand?post=100"},{"taxonomy":"product_cat","embeddable":true,"href":"https:\/\/moldurasgarcia.net\/fr\/wp-json\/wp\/v2\/product_cat?post=100"},{"taxonomy":"product_tag","embeddable":true,"href":"https:\/\/moldurasgarcia.net\/fr\/wp-json\/wp\/v2\/product_tag?post=100"}],"curies":[{"name":"wp","href":"https:\/\/api.w.org\/{rel}","templated":true}]}}