{"id":621,"date":"2023-03-07T10:59:24","date_gmt":"2023-03-07T09:59:24","guid":{"rendered":"https:\/\/moldurasgarcia.net\/?page_id=621"},"modified":"2023-04-20T22:15:00","modified_gmt":"2023-04-20T21:15:00","slug":"catalogo","status":"publish","type":"page","link":"https:\/\/moldurasgarcia.net\/fr\/catalogue\/","title":{"rendered":"Catalogue"},"content":{"rendered":"<p>[et_pb_section fb_built=\"1\u2033 admin_label=\"Header\" _builder_version=\"4.19.2\u2033 background_image=\"https:\/\/moldurasgarcia.net\/wp-content\/uploads\/2023\/04\/molduras-tapetas-cercos.jpg\" background_position=\"bottom_left\" max_width=\"80%\" max_width_tablet=\"90%\" max_width_phone=\"\" max_width_last_edited=\"on|tablet\" module_alignment=\"right\" custom_margin=\"||\" custom_padding=\"10px|0|||false|false\" locked=\"off\" global_colors_info=\"{}\" border_radii__hover=\"on||||\" border_radii__hover_enabled=\"on||||\" background_repeat__hover=\"no-repeat\" background_repeat__hover_enabled=\"no-repeat\"][et_pb_row custom_padding_last_edited=\"on|tablet\" _builder_version=\"4.16\u2033 background_image=\"https:\/\/moldurasgarcia.net\/wp-content\/uploads\/2022\/12\/risk-29.png\" background_size=\"contain\" background_position=\"bottom_left\" width=\"100%\" max_width=\"100%\" module_alignment=\"left\" custom_padding=\"8vw|10vw|10vw|0|false|false\" custom_padding_tablet=\"|||||false\" custom_padding_phone=\"\" box_shadow_style=\"preset7\u2033 box_shadow_horizontal=\"0px\" box_shadow_vertical=\"-1px\" box_shadow_color=\"#ffffffff\" use_custom_width=\"on\" width_unit=\"off\" custom_width_percent=\"100%\" global_colors_info=\"{}\"][et_pb_column type=\"4_4\u2033 _builder_version=\"4.16\u2033 custom_padding=\"||||\" global_colors_info=\"{}\" custom_padding__hover=\"||||\"][et_pb_text _builder_version=\"4.19.2\u2033 text_font=\"|600|||||||\" text_font_size=\"22px\" text_line_height=\"1.8em\" header_font=\"Mukta|200|||||||\" header_font_size=\"7vw\" header_line_height=\"1.1em\" background_color=\"#ffffffff\" max_width=\"80%\" max_width_tablet=\"\" max_width_phone=\"\" max_width_last_edited=\"on|phone\" custom_margin=\"||||-10vw\" custom_margin_tablet=\"||||-5vw\" custom_margin_phone=\"\" custom_margin_last_edited=\"on|phone\" custom_padding=\"20px|24px|10px|24px|false|true\" animation_style=\"fade\" animation_direction=\"top\" text_font_size_tablet=\"14px\" text_font_size_phone=\"\" text_font_size_last_edited=\"on|phone\" header_font_size_tablet=\"\" header_font_size_phone=\"42px\" header_font_size_last_edited=\"on|phone\" border_radii=\"on|3px|3px|3px|3px|3px\" box_shadow_style=\"preset3\u2033 box_shadow_vertical=\"30px\" box_shadow_blur=\"120px\" box_shadow_spread=\"-20px\" box_shadow_color=\"rgba(0,0,0,0.15)\" locked=\"off\" global_colors_info=\"{}\" text_font_size__hover=\"14px\" text_font_size__hover_enabled=\"14px\" text_letter_spacing__hover=\"0px\" text_letter_spacing__hover_enabled=\"0px\" text_line_height__hover=\"1.7em\" text_line_height__hover_enabled=\"1.7em\" text_text_shadow_style__hover=\"none\" text_text_shadow_style__hover_enabled=\"none\" text_text_shadow_color__hover=\"rgba(0,0,0,0,0.4)\" text_text_shadow_color__hover_enabled=\"rgba(0,0,0,0,0,0.4)\" link_font_color__hover_enabled=\"rgba(0,0,0,0,0,0.4)\" link_font_size__hover=\"14px\" link_font_size__hover_enabled=\"14px\" link_letter_spacing__hover=\"0px\" link_letter_spacing__hover_enabled=\"0px\" link_line_height__hover=\"1em\" link_line_height__hover_enabled=\"1em\" link_text_shadow_style__hover=\"none\" link_text_shadow_style__hover_enabled=\"none\" link_text_shadow_color__hover=\"rgba(0,0,0,0.4)\" link_text_shadow_color__hover_enabled=\"rgba(0,0,0,0,0,0.4)\" ul_font_size__hover=\"14px\" ul_font_size__hover_enabled=\"14px\" ul_letter_spacing__hover=\"0px\" ul_letter_spacing__hover_enabled=\"0px\" ul_line_height__hover=\"1em\" ul_line_height__hover_enabled=\"1em\" ul_text_shadow_style__hover=\"none\" ul_text_shadow_style__hover_enabled=\"none\" ul_text_shadow_color__hover=\"rgba(0,0,0,0.4)\" ul_text_shadow_color__hover_enabled=\"rgba(0,0,0,0,0,0.4)\" ol_font_size__hover=\"14px\" ol_font_size__hover_enabled=\"14px\" ol_letter_spacing__hover=\"0px\" ol_letter_spacing__hover_enabled=\"0px\" ol_line_height__hover=\"1em\" ol_line_height__hover=\"1em\" ol_line_height__hover_enabled=\"1em\" ol_text_shadow_style__hover=\"none\" ol_text_shadow_style__hover_enabled=\"none\" ol_text_shadow_color__hover=\"rgba(0,0,0,0.4)\" ol_text_shadow_color__hover_enabled=\"rgba(0,0,0,0,0,0.4)\" quote_font_size__hover_enabled=\"14px\" quote_font_size__hover_enabled=\"14px\" quote_letter_spacing__hover=\"0px\" quote_letter_spacing__hover_enabled=\"0px\" quote_line_height__hover=\"1em\" quote_line_height__hover_enabled=\"1em\" quote_text_shadow_style__hover=\"none\" quote_text_shadow_style__hover_enabled=\"none\" quote_text_shadow_color__hover=\"rgba(0,0,0,0.4)\" quote_text_shadow_color__hover_enabled=\"rgba(0,0,0,0,0,0,0.4)\" text_orientation__hover=\"left\" text_orientation__hover_enabled=\"left\" background_layout__hover=\"light\" background_layout__hover_enabled=\"light\"]<\/p>\n<h1>Moulures et garnitures<\/h1>\n<p>[\/et_pb_text][\/et_pb_column][\/et_pb_row][\/et_pb_section][et_pb_section fb_built=\"1\u2033 admin_label=\"Blog\" _builder_version=\"4.16\u2033 background_image=\"https:\/\/moldurasgarcia.net\/wp-content\/uploads\/2022\/12\/risk-36-1-scaled.jpg\" background_size=\"initial\" background_position=\"bottom_center\" custom_padding=\"54px|0px|54px|0|false|false\" global_colors_info=\"{}\"][et_pb_row use_custom_gutter=\"on\" gutter_width=\"2\u2033 _builder_version=\"4.19.2\u2033 global_colors_info=\"{}\"][et_pb_column type=\"4_4\u2033 _builder_version=\"4.16\u2033 custom_padding=\"||||\" global_colors_info=\"{}\" custom_padding__hover=\"||||\"][et_pb_text _builder_version=\"4.19.2\u2033 text_font=\"|600|||||||\" text_font_size=\"22px\" text_line_height=\"1.8em\" header_font=\"Mukta|200|||||||\" header_font_size=\"7vw\" header_line_height=\"1.1em\" background_color=\"#ffffffff\" max_width=\"80%\" max_width_tablet=\"\" max_width_phone=\"\" max_width_last_edited=\"on|phone\" custom_margin=\"||||-10vw\" custom_margin_tablet=\"||||-5vw\" custom_margin_phone=\"\" custom_margin_last_edited=\"on|phone\" custom_padding=\"20px|24px|10px|24px|false|true\" animation_style=\"fade\" animation_direction=\"top\" text_font_size_tablet=\"14px\" text_font_size_phone=\"\" text_font_size_last_edited=\"on|phone\" header_font_size_tablet=\"\" header_font_size_phone=\"42px\" header_font_size_last_edited=\"on|phone\" border_radii=\"on|3px|3px|3px|3px|3px\" box_shadow_style=\"preset3\u2033 box_shadow_vertical=\"30px\" box_shadow_blur=\"120px\" box_shadow_spread=\"-20px\" box_shadow_color=\"rgba(0,0,0,0.15)\" locked=\"off\" global_colors_info=\"{}\" text_font_size__hover=\"14px\" text_font_size__hover_enabled=\"14px\" text_letter_spacing__hover=\"0px\" text_letter_spacing__hover_enabled=\"0px\" text_line_height__hover=\"1.7em\" text_line_height__hover_enabled=\"1.7em\" text_text_shadow_style__hover=\"none\" text_text_shadow_style__hover_enabled=\"none\" text_text_shadow_color__hover=\"rgba(0,0,0,0,0,0.4)\" text_text_shadow_color__hover_enabled=\"rgba(0,0,0,0,0,0.4)\" link_font_size__hover=\"14px\" link_font_size__hover_enabled=\"14px\" link_letter_spacing__hover=\"0px\" link_letter_spacing__hover_enabled=\"0px\" link_line_height__hover=\"1em\" link_line_height__hover_enabled=\"1em\" link_text_shadow_style__hover=\"none\" link_text_shadow_style__hover_enabled=\"none\" link_text_shadow_color__hover=\"rgba(0,0,0,0.4)\" link_text_shadow_color__hover_enabled=\"rgba(0,0,0,0,0,0.4)\" ul_font_size__hover=\"14px\" ul_font_size__hover_enabled=\"14px\" ul_letter_spacing__hover=\"0px\" ul_letter_spacing__hover_enabled=\"0px\" ul_line_height__hover=\"1em\" ul_line_height__hover_enabled=\"1em\" ul_text_shadow_style__hover=\"none\" ul_text_shadow_style__hover_enabled=\"none\" ul_text_shadow_color__hover=\"rgba(0,0,0,0.4)\" ul_text_shadow_color__hover_enabled=\"rgba(0,0,0,0,0,0.4)\" ol_font_size__hover=\"14px\" ol_font_size__hover_enabled=\"14px\" ol_letter_spacing__hover=\"0px\" ol_letter_spacing__hover_enabled=\"0px\" ol_line_height__hover=\"1em\" ol_line_height__hover=\"1em\" ol_line_height__hover_enabled=\"1em\" ol_text_shadow_style__hover=\"none\" ol_text_shadow_style__hover_enabled=\"none\" ol_text_shadow_color__hover=\"rgba(0,0,0,0.4)\" ol_text_shadow_color__hover_enabled=\"rgba(0,0,0,0,0,0.4)\" quote_font_size__hover_enabled=\"14px\" quote_font_size__hover_enabled=\"14px\" quote_letter_spacing__hover=\"0px\" quote_letter_spacing__hover_enabled=\"0px\" quote_line_height__hover=\"1em\" quote_line_height__hover_enabled=\"1em\" quote_text_shadow_style__hover=\"none\" quote_text_shadow_style__hover_enabled=\"none\" quote_text_shadow_color__hover=\"rgba(0,0,0,0.4)\" quote_text_shadow_color__hover_enabled=\"rgba(0,0,0,0,0,0,0.4)\" text_orientation__hover=\"left\" text_orientation__hover_enabled=\"left\" background_layout__hover=\"light\" background_layout__hover_enabled=\"light\"]<\/p>\n<h2>Moulures<\/h2>\n<p>[\/et_pb_text][et_pb_shop type=\"product_category\" include_categories=\"27\u2033 columns_number=\"4\u2033 orderby=\"menu_order\" show_price=\"off\" show_rating=\"off\" show_sale_badge=\"off\" _builder_version=\"4.19.2\u2033 _module_preset=\"default\" global_colors_info=\"{}\"][\/et_pb_shop][\/et_pb_text _builder_version=\"4.19.2\u2033 text_font=\"|600|||||||\" text_font_size=\"22px\" text_line_height=\"1.8em\" header_font=\"Mukta|200|||||||\" header_font_size=\"7vw\" header_line_height=\"1.1em\" background_color=\"#ffffffff\" max_width=\"80%\" max_width_tablet=\"\" max_width_phone=\"\" max_width_last_edited=\"on|phone\" custom_margin=\"||||-10vw\" custom_margin_tablet=\"||||-5vw\" custom_margin_phone=\"\" custom_margin_last_edited=\"on|phone\" custom_padding=\"20px|24px|10px|24px|false|true\" animation_style=\"fade\" animation_direction=\"top\" text_font_size_tablet=\"14px\" text_font_size_phone=\"\" text_font_size_last_edited=\"on|phone\" header_font_size_tablet=\"\" header_font_size_phone=\"42px\" header_font_size_last_edited=\"on|phone\" border_radii=\"on|3px|3px|3px|3px|3px\" box_shadow_style=\"preset3\u2033 box_shadow_vertical=\"30px\" box_shadow_blur=\"120px\" box_shadow_spread=\"-20px\" box_shadow_color=\"rgba(0,0,0,0.15)\" locked=\"off\" global_colors_info=\"{}\" text_font_size__hover=\"14px\" text_font_size__hover_enabled=\"14px\" text_letter_spacing__hover=\"0px\" text_letter_spacing__hover_enabled=\"0px\" text_line_height__hover=\"1.7em\" text_line_height__hover_enabled=\"1.7em\" text_text_shadow_style__hover=\"none\" text_text_shadow_style__hover_enabled=\"none\" text_text_shadow_color__hover=\"rgba(0,0,0,0,0.4)\" text_text_shadow_color__hover_enabled=\"rgba(0,0,0,0,0,0.4)\" link_font_color__hover_enabled=\"rgba(0,0,0,0,0,0.4)\" link_font_size__hover=\"14px\" link_font_size__hover_enabled=\"14px\" link_letter_spacing__hover=\"0px\" link_letter_spacing__hover_enabled=\"0px\" link_line_height__hover=\"1em\" link_line_height__hover_enabled=\"1em\" link_text_shadow_style__hover=\"none\" link_text_shadow_style__hover_enabled=\"none\" link_text_shadow_color__hover=\"rgba(0,0,0,0.4)\" link_text_shadow_color__hover_enabled=\"rgba(0,0,0,0,0,0.4)\" ul_font_size__hover=\"14px\" ul_font_size__hover_enabled=\"14px\" ul_letter_spacing__hover=\"0px\" ul_letter_spacing__hover_enabled=\"0px\" ul_line_height__hover=\"1em\" ul_line_height__hover_enabled=\"1em\" ul_text_shadow_style__hover=\"none\" ul_text_shadow_style__hover_enabled=\"none\" ul_text_shadow_color__hover=\"rgba(0,0,0,0.4)\" ul_text_shadow_color__hover_enabled=\"rgba(0,0,0,0,0,0.4)\" ol_font_size__hover=\"14px\" ol_font_size__hover_enabled=\"14px\" ol_letter_spacing__hover=\"0px\" ol_letter_spacing__hover_enabled=\"0px\" ol_line_height__hover=\"1em\" ol_line_height__hover=\"1em\" ol_line_height__hover_enabled=\"1em\" ol_text_shadow_style__hover=\"none\" ol_text_shadow_style__hover_enabled=\"none\" ol_text_shadow_color__hover=\"rgba(0,0,0,0.4)\" ol_text_shadow_color__hover_enabled=\"rgba(0,0,0,0,0,0.4)\" quote_font_size__hover_enabled=\"14px\" quote_font_size__hover_enabled=\"14px\" quote_letter_spacing__hover=\"0px\" quote_letter_spacing__hover_enabled=\"0px\" quote_line_height__hover=\"1em\" quote_line_height__hover_enabled=\"1em\" quote_text_shadow_style__hover=\"none\" quote_text_shadow_style__hover_enabled=\"none\" quote_text_shadow_color__hover=\"rgba(0,0,0,0.4)\" quote_text_shadow_color__hover_enabled=\"rgba(0,0,0,0,0,0,0.4)\" text_orientation__hover=\"left\" text_orientation__hover_enabled=\"left\" background_layout__hover=\"light\" background_layout__hover_enabled=\"light\"]<\/p>\n<h2>Casquettes<\/h2>\n<p>[\/et_pb_text][et_pb_shop type=\"product_category\" include_categories=\"28\u2033 columns_number=\"4\u2033 orderby=\"menu_order\" show_price=\"off\" show_rating=\"off\" show_sale_badge=\"off\" _builder_version=\"4.19.2\u2033 _module_preset=\"default\" locked=\"off\" global_colors_info=\"{}\"][\/et_pb_shop][\/et_pb_column][\/et_pb_row][\/et_pb_section][et_pb_section fb_built=\"1\u2033 admin_label=\"Footer\" _builder_version=\"4.19.2\u2033 background_image=\"https:\/\/moldurasgarcia.net\/wp-content\/uploads\/2022\/12\/15828-17154.jpg\" custom_padding=\"0|0px|54px|0px|false|false\" box_shadow_style=\"preset7\u2033 box_shadow_horizontal=\"0px\" box_shadow_vertical=\"120px\" box_shadow_color=\"#ffffff\" locked=\"off\" global_colors_info=\"{}\"][et_pb_row column_structure=\"2_5,3_5\u2033 padding_top_bottom_link_2=\"true\" padding_left_right_link_2=\"true\" _builder_version=\"4.19.2\u2033 width=\"90%\" max_width=\"90%\" module_alignment=\"right\" use_custom_width=\"on\" width_unit=\"off\" custom_width_percent=\"90%\" global_colors_info=\"{}\" animation_style__hover=\"none\" animation_style__hover_enabled=\"none\" animation_repeat__hover=\"once\" animation_repeat__hover_enabled=\"once\" animation_direction__hover=\"center\" animation_direction__hover_enabled=\"center\" animation_duration__hover=\"1000ms\" animation_duration__hover_enabled=\"1000ms\" animation_delay__hover=\"0ms\" animation_delay__hover_enabled=\"0ms\" animation_intensity_slide__hover=\"50%\" animation_intensity_slide__hover_enabled=\"50%\" animation_intensity_zoom__hover=\"50%\" animation_intensity_zoom__hover_enabled=\"50%\" animation_intensity_flip__hover=\"50%\" animation_intensity_flip__hover_enabled=\"50%\" animation_intensity_fold__hover=\"50%\" animation_intensit\u00e9_pliage__hover_enabled=\"50%\" animation_intensit\u00e9_roulement__hover=\"50%\" animation_intensit\u00e9_roulement__hover_enabled=\"50%\" animation_d\u00e9marrage_opacit\u00e9__hover=\"0%\" animation_d\u00e9marrage_opacit\u00e9__hover_enabled=\"0%\" animation_speed_curve__hover=\"ease-in-out\" animation_speed_curve__hover_enabled=\"ease-in-out\"][et_pb_column type=\"2_5\u2033 _builder_version=\"4.16\u2033 custom_padding=\"200px||\" custom_padding_tablet=\"|10vw||\" custom_padding_phone=\"|10vw||\" custom_padding_last_edited=\"on|tablet\" global_colors_info=\"{}\" padding_tablet=\"|10vw||\" padding_last_edited=\"on|tablet\" custom_padding__hover=\"|||||\" padding_phone=\"|10vw||\"][et_pb_divider color=\"#ffffffff\" divider_weight=\"2px\" _builder_version=\"4.16\u2033 max_width=\"50px\" height=\"2px\" animation_style=\"slide\" animation_direction=\"left\" animation_intensity_slide=\"20%\" locked=\"off\" global_colors_info=\"{}\"]][\/et_pb_divider][\/et_pb_divider][et_pb_text _builder_version=\"4.16\u2033 text_font=\"||||||||\" header_font=\"||||||||\" header_2_font=\"Mukta|300|||||||\" header_2_font_size=\"54px\" header_2_line_height=\"1.3em\" background_layout=\"dark\" max_width=\"400px\" custom_margin=\"|||10px\" animation_style=\"slide\" animation_direction=\"left\" animation_intensity_slide=\"5%\" header_2_font_size_tablet=\"36px\" header_2_font_size_phone=\"24px\" header_2_font_size_last_edited=\"on|phone\" locked=\"off\" global_colors_info=\"{}\"]<\/p>\n<h2>Respecter et prendre soin de l'environnement<\/h2>\n<p>[\/et_pb_text][et_pb_text _builder_version=\"4.19.2\u2033 text_font=\"||||||||\" text_line_height=\"2em\" background_layout=\"dark\" max_width=\"400px\" animation_style=\"slide\" animation_direction=\"left\" animation_intensity_slide=\"5%\" locked=\"off\" global_colors_info=\"{}\"]<\/p>\n<p>Nous disposons d'une grande vari\u00e9t\u00e9 de moulures et de cadres en bois d'une qualit\u00e9 exceptionnelle.<\/p>\n<p>[\/et_pb_text][\/et_pb_column][et_pb_column type=\"3_5\u2033 _builder_version=\"4.19.2\u2033 background_image=\"https:\/\/moldurasgarcia.net\/wp-content\/uploads\/2022\/12\/bg_image_03-1x_gris.png\" background_size=\"contain\" background_position=\"top_right\" custom_padding=\"20vw|10vw|20vw|10vw|10vw\" custom_padding_tablet=\"32vw|10vw|32vw|10vw|true|false\" custom_padding_phone=\"40vw||40vw||true\" custom_padding_last_edited=\"on|phone\" global_colors_info=\"{}\" padding_phone=\"40vw||40vw||true\" padding_tablet=\"32vw|10vw|32vw|10vw|true|false\" padding_last_edited=\"on|phone\" custom_padding__hover=\"||||\"][et_pb_text _builder_version=\"4.16\u2033 text_font=\"||||||||\" text_line_height=\"2em\" header_3_font=\"Mukta||||||||\" header_3_line_height=\"1.6em\" text_orientation=\"right\" background_layout=\"dark\" max_width=\"300px\" module_alignment=\"right\" animation_style=\"slide\" animation_direction=\"left\" animation_intensity_slide=\"5%\" locked=\"off\" global_colors_info=\"{}\" header_font_size__hover=\"30px\" header_font_size__hover_enabled=\"30px\" header_letter_spacing__hover=\"0px\" header_letter_spacing__hover_enabled=\"0px\" header_text_shadow_style__hover=\"none\" header_text_shadow_style__hover_enabled=\"none\" header_text_shadow_color__hover=\"rgba(0,0,0,0.4)\" header_text_shadow_color__hover_enabled=\"rgba(0,0,0,0,0,0.4)\" header_2_font_size__hover=\"26px\" header_2_font_size__hover_enabled=\"26px\" header_2_letter_letter_spacing__hover=\"0px\" header_2_letter_spacing__hover_enabled=\"0px\" header_2_line_height__hover=\"1em\" header_2_line_height__hover_enabled=\"1em\" header_2_text_shadow_style__hover=\"none\" header_2_text_shadow_style__hover_enabled=\"none\" header_2_text_shadow_color__hover=\"rgba(0,0,0,0.4)\" header_2_text_shadow_color__hover_enabled=\"rgba(0,0,0,0,0,0.4)\" header_3_font_size__hover=\"22px\" header_3_font_size__hover_enabled=\"22px\" header_3_letter_spacing__hover=\"0px\" header_3_letter_spacing__hover_enabled=\"0px\" header_3_line_height__hover=\"1em\" header_3_line_height__hover_enabled=\"1em\" header_3_text_shadow_style__hover=\"none\" header_3_text_shadow_style__hover_enabled=\"none\" header_3_text_shadow_color__hover=\"rgba(0,0,0,0.4)\" header_3_text_shadow_color__hover_enabled=\"rgba(0,0,0,0,0,0.4)\" header_4_font_size__hover=\"18px\" header_4_font_size__hover_enabled=\"18px\" header_4_letter_letter_spacing__hover=\"0px\" header_4_letter_spacing__hover_enabled=\"0px\" header_4_line_height__hover=\"1em\" header_4_line_height__hover_enabled=\"1em\" header_4_text_shadow_style__hover=\"none\" header_4_text_shadow_style__hover_enabled=\"none\" header_4_text_shadow_color__hover=\"rgba(0,0,0,0.4)\" header_4_text_shadow_color__hover_enabled=\"rgba(0,0,0,0,0,0.4)\" header_5_font_size__hover=\"16px\" header_5_font_size__hover_enabled=\"16px\" header_5_letter_spacing__hover=\"0px\" header_5_letter_spacing__hover_enabled=\"0px\" header_5_line_height__hover=\"1em\" header_5_line_height__hover_enabled=\"1em\" header_5_text_shadow_style__hover=\"none\" header_5_text_shadow_style__hover_enabled=\"none\" header_5_text_shadow_color__hover=\"rgba(0,0,0,0.4)\" header_5_text_shadow_color__hover_enabled=\"rgba(0,0,0,0,0,0.4)\" header_6_font_size__hover=\"14px\" header_6_font_size__hover_enabled=\"14px\" header_6_letter_letter_spacing__hover=\"0px\" header_6_letter_spacing__hover_enabled=\"0px\" header_6_line_height__hover=\"1em\" header_6_line_height__hover_enabled=\"1em\" header_6_text_shadow_style__hover=\"none\" header_6_text_shadow_style__hover_enabled=\"none\" header_6_text_shadow_color__hover=\"rgba(0,0,0,0.4)\" header_6_text_shadow_color__hover_enabled=\"rgba(0,0,0,0,0.4)\"]<\/p>\n<h3>Vous pouvez nous appeler sans engagement<\/h3>\n<p>[\/et_pb_text][et_pb_button button_url=\u00bbtel:%20+34%20967%20441%20986&#8243; url_new_window=\u00bbon\u00bb button_text=\u00bb967 441 986&#8243; button_alignment=\u00bbright\u00bb _builder_version=\u00bb4.19.2&#8243; custom_button=\u00bbon\u00bb button_text_size=\u00bb18px\u00bb button_text_color=\u00bb#040404&#8243; button_bg_color=\u00bb#ffffff\u00bb button_border_width=\u00bb0px\u00bb button_border_color=\u00bbrgba(0,0,0,0)\u00bb button_letter_spacing=\u00bb0px\u00bb button_font=\u00bbMukta|600|||||||\u00bb button_icon=\u00bb&#x24;||divi||400&#8243; custom_margin=\u00bb3vw||\u00bb custom_padding=\u00bb15px|40px|15px|40px|true|true\u00bb animation_style=\u00bbslide\u00bb animation_direction=\u00bbright\u00bb animation_intensity_slide=\u00bb5%\u00bb locked=\u00bboff\u00bb global_colors_info=\u00bb{}\u00bb][\/et_pb_button][\/et_pb_column][\/et_pb_row][\/et_pb_section][et_pb_section fb_built=\u00bb1&#8243; _builder_version=\u00bb4.19.2&#8243; _module_preset=\u00bbdefault\u00bb custom_margin=\u00bb20px|0px|20px|0px|false|false\u00bb custom_padding=\u00bb0px|0px|0px|0px|false|false\u00bb locked=\u00bboff\u00bb global_colors_info=\u00bb{}\u00bb][et_pb_row column_structure=\u00bb1_2,1_2&#8243; _builder_version=\u00bb4.19.2&#8243; _module_preset=\u00bbdefault\u00bb width=\u00bb100%\u00bb module_alignment=\u00bbcenter\u00bb custom_margin=\u00bb0px|0px|0px|0px|false|false\u00bb custom_padding=\u00bb0px|0px|0px|0px|false|false\u00bb global_colors_info=\u00bb{}\u00bb][et_pb_column type=\u00bb1_2&#8243; _builder_version=\u00bb4.19.2&#8243; _module_preset=\u00bbdefault\u00bb custom_padding=\u00bb0px|0px|0px|0px|false|false\u00bb global_colors_info=\u00bb{}\u00bb][et_pb_image src=\u00bbhttps:\/\/moldurasgarcia.net\/wp-content\/uploads\/2023\/02\/Logo-PRTR-tres-lineas.png\u00bb title_text=\u00bbLogo-PRTR-tres-lineas\u00bb show_bottom_space=\u00bboff\u00bb align=\u00bbcenter\u00bb _builder_version=\u00bb4.19.2&#8243; _module_preset=\u00bbdefault\u00bb width=\u00bb70%\u00bb max_width=\u00bb100%\u00bb module_alignment=\u00bbcenter\u00bb custom_margin=\u00bb0px|0px|15px|0px|false|false\u00bb custom_padding=\u00bb0px|0px|0px|0px|false|false\u00bb global_colors_info=\u00bb{}\u00bb][\/et_pb_image][\/et_pb_column][et_pb_column type=\u00bb1_2&#8243; _builder_version=\u00bb4.19.2&#8243; _module_preset=\u00bbdefault\u00bb custom_padding=\u00bb0px|0px|0px|0px|false|false\u00bb global_colors_info=\u00bb{}\u00bb][et_pb_image src=\u00bbhttps:\/\/moldurasgarcia.net\/wp-content\/uploads\/2023\/02\/ES-Financiado-por-la-UE-PANTONE.png\u00bb title_text=\u00bbES-Financiado-por-la-UE-PANTONE\u00bb show_bottom_space=\u00bboff\u00bb align=\u00bbcenter\u00bb _builder_version=\u00bb4.19.2&#8243; _module_preset=\u00bbdefault\u00bb width=\u00bb70%\u00bb max_width=\u00bb100%\u00bb custom_margin=\u00bb0px|0px|15px|0px|false|false\u00bb custom_padding=\u00bb0px|0px|0px|0px|false|false\u00bb global_colors_info=\u00bb{}\u00bb][\/et_pb_image][\/et_pb_column][\/et_pb_row][\/et_pb_section]<\/p>","protected":false},"excerpt":{"rendered":"<p>Moulures et encadrementsMouluresEmbo\u00eetementsRespect et respect de l'environnementNous disposons d'une grande vari\u00e9t\u00e9 de moulures et d'encadrements dans des bois d'une qualit\u00e9 exceptionnelleAppellez-nous sans engagement.<\/p>","protected":false},"author":2,"featured_media":0,"parent":0,"menu_order":4,"comment_status":"closed","ping_status":"closed","template":"","meta":{"_et_pb_use_builder":"on","_et_pb_old_content":"","_et_gb_content_width":"","om_disable_all_campaigns":false,"footnotes":""},"class_list":["post-621","page","type-page","status-publish","hentry"],"aioseo_notices":[],"_links":{"self":[{"href":"https:\/\/moldurasgarcia.net\/fr\/wp-json\/wp\/v2\/pages\/621","targetHints":{"allow":["GET"]}}],"collection":[{"href":"https:\/\/moldurasgarcia.net\/fr\/wp-json\/wp\/v2\/pages"}],"about":[{"href":"https:\/\/moldurasgarcia.net\/fr\/wp-json\/wp\/v2\/types\/page"}],"author":[{"embeddable":true,"href":"https:\/\/moldurasgarcia.net\/fr\/wp-json\/wp\/v2\/users\/2"}],"replies":[{"embeddable":true,"href":"https:\/\/moldurasgarcia.net\/fr\/wp-json\/wp\/v2\/comments?post=621"}],"version-history":[{"count":8,"href":"https:\/\/moldurasgarcia.net\/fr\/wp-json\/wp\/v2\/pages\/621\/revisions"}],"predecessor-version":[{"id":790,"href":"https:\/\/moldurasgarcia.net\/fr\/wp-json\/wp\/v2\/pages\/621\/revisions\/790"}],"wp:attachment":[{"href":"https:\/\/moldurasgarcia.net\/fr\/wp-json\/wp\/v2\/media?parent=621"}],"curies":[{"name":"wp","href":"https:\/\/api.w.org\/{rel}","templated":true}]}}