{"id":57,"date":"2022-12-14T12:03:49","date_gmt":"2022-12-14T11:03:49","guid":{"rendered":"https:\/\/wp.moldurasgarcia.net\/?page_id=57"},"modified":"2023-06-17T15:55:21","modified_gmt":"2023-06-17T14:55:21","slug":"inicio","status":"publish","type":"page","link":"https:\/\/moldurasgarcia.net\/fr\/","title":{"rendered":"Fabricant de moulures, cadres et accessoires"},"content":{"rendered":"<p>[et_pb_section fb_built=\"1\u2033 fullwidth=\"on\" _builder_version=\"4.19.2\u2033 _module_preset=\"default\" global_colors_info=\"{}\"][et_pb_fullwidth_slider show_arrows=\"off\" _builder_version=\"4.19.2\u2033 _module_preset=\"default\" link_option_url=\"https:\/\/moldurasgarcia.net\/maderas-utilizadas\/\" global_colors_info=\"{}\"][et_pb_slide heading=\"Moulures, garnitures et cl\u00f4tures\" button_text=\"Voir nos produits\" button_link=\"https:\/\/moldurasgarcia.net\/moldings-and-coverings\/\" _builder_version=\"4.19.2\u2033 _module_preset=\"default\" header_level=\"h1\u2033 background_enable_color=\"off\" use_background_color_gradient=\"on\" background_color_gradient_stops=\"rgba(10,1,1,0.6) 0%|rgba(10,2,2,0.6) 100%\" background_color_gradient_overlays_image=\"on\" background_image=\"https:\/\/moldurasgarcia.net\/wp-content\/uploads\/2023\/03\/header_00.jpg\" background_enable_image=\"on\" global_colors_info=\"{}\" sticky_transition=\"on\"]<\/p>\n<p>Faites passer vos projets \u00e0 la vitesse sup\u00e9rieure gr\u00e2ce \u00e0 nos produits finis en bois pour les professionnels.<\/p>\n<p>[\/et_pb_slide][et_pb_slide heading=\"Bois nobles et tropicaux\" button_text=\"Voir nos bois\" button_link=\"https:\/\/moldurasgarcia.net\/maderas-utilizadas\/\" _builder_version=\"4.19.2\u2033 _module_preset=\"default\" background_enable_color=\"off\" use_background_color_gradient=\"on\" background_color_gradient_stops=\"rgba(10,1,1,0.6) 0%|rgba(10,2,2,2,0.6) 100%\" background_color_gradient_overlays_image=\"on\" background_image=\"https:\/\/moldurasgarcia.net\/wp-content\/uploads\/2023\/03\/header_01.jpg\" background_enable_image=\"on\" global_colors_info=\"{}\" sticky_transition=\"on\"]<\/p>\n<p>Nous fabriquons des moulures et des cadres en bois durs et en bois tropicaux d'une qualit\u00e9 exceptionnelle.<\/p>\n<p>[\/et_pb_slide][\/et_pb_fullwidth_slider][\/et_pb_section][et_pb_section fb_built=\"1\u2033 admin_label=\"Call to Action\" _builder_version=\"4.16\u2033 custom_padding=\"0|0|0px|true|false\" locked=\"off\" global_colors_info=\"{}\"][et_pb_row _builder_version=\"4.16\u2033 max_width=\"700px\" use_custom_width=\"on\" custom_width_px=\"700px\" global_colors_info=\"{}\"][et_pb_column type=\"4_4\u2033 _builder_version=\"4.16\u2033 custom_padding=\"||||\" global_colors_info=\"{}\" custom_padding__hover=\"||||\"][et_pb_text _builder_version=\"4.16\u2033 text_font=\"||||||||\" header_font=\"||||||||\" header_2_font=\"Mukta|300|||||||\" header_2_font_size=\"54px\" header_2_line_height=\"1.3em\" text_orientation=\"center\" custom_margin=\"|||10px\" animation_style=\"slide\" animation_direction=\"top\" animation_intensit\u00e9_slide=\"5%\" header_2_font_size_tablet=\"36px\" header_2_font_size_phone=\"24px\" header_2_font_size_last_edited=\"on|phone\" locked=\"off\" global_colors_info=\"{}\"]]<\/p>\n<h2>\u00c9l\u00e9gance et sophistication<\/h2>\n<p>[\/et_pb_text][et_pb_divider color=\"#2a2a2a2a\" divider_weight=\"3px\" _builder_version=\"4.16\u2033 max_width=\"50px\" module_alignment=\"center\" animation_style=\"slide\" animation_direction=\"top\" animation_intensity_slide=\"20%\" locked=\"off\" global_colors_info=\"{}\"][\/et_pb_divider][\/et_pb_divider][et_pb_text _builder_version=\"4.19.2\u2033 text_font=\"||||||||\" text_line_height=\"2em\" text_orientation=\"center\" animation_style=\"slide\" animation_direction=\"top\" animation_intensity_slide=\"5%\" locked=\"off\" global_colors_info=\"{}\"]]<\/p>\n<p><span>Le bois est un mat\u00e9riau magnifique qui ajoute de l'\u00e9l\u00e9gance et de la sophistication \u00e0 tout projet de construction ou de r\u00e9novation. Parmi les produits finis en bois, les moulures, les garnitures et les cl\u00f4tures sont particuli\u00e8rement appr\u00e9ci\u00e9es des professionnels du secteur en raison de leur durabilit\u00e9 et de leur esth\u00e9tique unique. En plus d'\u00eatre durables, ces produits s'adaptent tr\u00e8s bien \u00e0 n'importe quel design int\u00e9rieur ou ext\u00e9rieur et peuvent \u00eatre utilis\u00e9s dans une grande vari\u00e9t\u00e9 de projets, de la construction moderne aux maisons rustiques. Notre mission consiste \u00e0 am\u00e9liorer l'esth\u00e9tique de tout espace et \u00e0 ajouter de la valeur \u00e0 la propri\u00e9t\u00e9.<\/span><\/p>\n<p>[\/et_pb_text][\/et_pb_column][\/et_pb_row][\/et_pb_section][et_pb_section fb_built=\"1\u2033 admin_label=\"Call to Action\" _builder_version=\"4.19.2\u2033 background_color=\"rgba(232,232,232,0.52)\" custom_padding=\"0|0px|0|0px|0px|true|false\" locked=\"off\" global_colors_info=\"{}\"][et_pb_row _builder_version=\"4.16\u2033 max_width=\"700px\" use_custom_width=\"on\" custom_width_px=\"700px\" global_colors_info=\"{}\"][et_pb_column type=\"4_4\u2033 _builder_version=\"4.16\u2033 custom_padding=\"||||\" global_colors_info=\"{}\" custom_padding__hover=\"||||\"][et_pb_text _builder_version=\"4.19.2\u2033 text_font=\"||||||||\" header_font=\"||||||||\" header_2_font=\"Mukta|300|||||||\" header_2_font_size=\"54px\" header_2_line_height=\"1.3em\" text_orientation=\"center\" custom_margin=\"|||10px\" animation_style=\"slide\" animation_direction=\"top\" animation_intensit\u00e9_slide=\"5%\" header_2_font_size_tablet=\"36px\" header_2_font_size_phone=\"24px\" header_2_font_size_last_edited=\"on|phone\" locked=\"off\" global_colors_info=\"{}\"]]<\/p>\n<h2>La qualit\u00e9 avant tout<\/h2>\n<p>[\/et_pb_text][et_pb_divider color=\"#2a2a2a2a\" divider_weight=\"3px\" _builder_version=\"4.16\u2033 max_width=\"50px\" module_alignment=\"center\" animation_style=\"slide\" animation_direction=\"top\" animation_intensity_slide=\"20%\" locked=\"off\" global_colors_info=\"{}\"][\/et_pb_divider][\/et_pb_divider][et_pb_text _builder_version=\"4.19.2\u2033 text_font=\"||||||||\" text_line_height=\"2em\" text_orientation=\"center\" animation_style=\"slide\" animation_direction=\"top\" animation_intensity_slide=\"5%\" locked=\"off\" global_colors_info=\"{}\"]]<\/p>\n<p><span>Dans notre entreprise, nous nous effor\u00e7ons de fournir la plus haute qualit\u00e9 dans toutes nos pi\u00e8ces. Nous nous distinguons par le soin que nous apportons \u00e0 chaque d\u00e9tail et par les finitions parfaites qui font la diff\u00e9rence dans nos produits. Nous savons que chaque pi\u00e8ce que nous produisons est importante pour nos clients, c'est pourquoi nous veillons \u00e0 ce qu'elle r\u00e9ponde aux normes de qualit\u00e9 les plus \u00e9lev\u00e9es. C'est pourquoi nos processus de production sont con\u00e7us pour garantir que chaque pi\u00e8ce est soigneusement fabriqu\u00e9e et finie \u00e0 l'aide des meilleurs mat\u00e9riaux et techniques disponibles. Notre engagement en faveur de la qualit\u00e9 nous a permis de gagner la confiance de nos clients et de rester une entreprise leader dans notre secteur.<\/span><\/p>\n<p>[\/et_pb_text][\/et_pb_column][\/et_pb_row][\/et_pb_section][et_pb_section fb_built=\"1\u2033 admin_label=\"Call to Action\" _builder_version=\"4.19.2\u2033 custom_padding=\"0|0px|0|true|false\" link_option_url=\"https:\/\/moldurasgarcia.net\/used_woods\/\" locked=\"off\" global_colors_info=\"{}\"][et_pb_row column_structure=\"1_2,1_2\u2033 _builder_version=\"4.16\u2033 max_width=\"700px\" use_custom_width=\"on\" custom_width_px=\"700px\" global_colors_info=\"{}\"][et_pb_column type=\"1_2\u2033 _builder_version=\"4.16\u2033 custom_padding=\"||||\" global_colors_info=\"{}\" custom_padding__hover=\"||||\"][et_pb_text _builder_version=\"4.19.2\u2033 text_font=\"||||||||\" header_font=\"||||||||\" header_2_font=\"Mukta|300|||||||\" header_2_font_size=\"54px\" header_2_line_height=\"1.3em\" text_orientation=\"center\" custom_margin=\"|||10px\" animation_style=\"slide\" animation_direction=\"top\" animation_intensit\u00e9_slide=\"5%\" header_2_font_size_tablet=\"36px\" header_2_font_size_phone=\"24px\" header_2_font_size_last_edited=\"on|phone\" locked=\"off\" global_colors_info=\"{}\"]]<\/p>\n<h2>Bois de charpente<\/h2>\n<p>[\/et_pb_text][et_pb_divider color=\"#2a2a2a2a\" divider_weight=\"3px\" _builder_version=\"4.16\u2033 max_width=\"50px\" module_alignment=\"center\" animation_style=\"slide\" animation_direction=\"top\" animation_intensity_slide=\"20%\" locked=\"off\" global_colors_info=\"{}\"][\/et_pb_divider][\/et_pb_divider][et_pb_text _builder_version=\"4.19.2\u2033 text_font=\"||||||||\" text_line_height=\"2em\" text_orientation=\"center\" animation_style=\"slide\" animation_direction=\"top\" animation_intensity_slide=\"5%\" locked=\"off\" global_colors_info=\"{}\"]]<\/p>\n<p>Ce sont les bois que nous travaillons, en les transformant en produits finis de haute qualit\u00e9 pour les professionnels.<\/p>\n<p>[\/et_pb_text][et_pb_icon font_icon=\"\uf1bb||fa||900\u2033 url=\"https:\/\/moldurasgarcia.net\/maderas-utilizadas\/\" _builder_version=\"4.19.2\u2033 _module_preset=\"default\" global_colors_info=\"{}\"][\/et_pb_icon][et_pb_button button_url=\"https:\/\/moldurasgarcia.net\/maderas-utilizadas\/\" button_text=\"Voir les bois utilis\u00e9s\" button_alignment=\"center\" _builder_version=\"4.19.2\u2033 custom_button=\"on\" button_text_size=\"18px\" button_text_color=\"#ffffffff\" button_bg_color=\"#de2e17\u2033 button_border_width=\"0px\" button_border_color=\"rgba(0,0,0,0)\" button_letter_spacing=\"0px\" button_font=\"Mukta|600|||||||\" button_icon=\"$||divi|||400\u2033 custom_margin=\"3vw||\" custom_padding=\"15px|40px|15px|40px|true|true\" animation_style=\"slide\" animation_direction=\"right\" animation_intensity_slide=\"5%\" locked=\"off\" global_colors_info=\"{}\"][\/et_pb_button][\/et_pb_column][et_pb_column type=\"1_2\u2033 _builder_version=\"4.19.2\u2033 _module_preset=\"default\" global_colors_info=\"{}\"][et_pb_text _builder_version=\"4.19.2\u2033 text_font=\"||||||||\" header_2_font=\"||||||||\" header_2_font=\"Mukta|300|||||||\" header_2_font_size=\"54px\" header_2_line_height=\"1.3em\" text_orientation=\"center\" custom_margin=\"|||10px\" animation_style=\"slide\" animation_direction=\"top\" animation_intensit\u00e9_slide=\"5%\" header_2_font_size_tablet=\"36px\" header_2_font_size_phone=\"24px\" header_2_font_size_last_edited=\"on|phone\" locked=\"off\" global_colors_info=\"{}\"]]<\/p>\n<h2>Catalogue<\/h2>\n<p>[\/et_pb_text][et_pb_divider color=\"#2a2a2a2a\" divider_weight=\"3px\" _builder_version=\"4.16\u2033 max_width=\"50px\" module_alignment=\"center\" animation_style=\"slide\" animation_direction=\"top\" animation_intensity_slide=\"20%\" locked=\"off\" global_colors_info=\"{}\"][\/et_pb_divider][\/et_pb_divider][et_pb_text _builder_version=\"4.19.2\u2033 text_font=\"||||||||\" text_line_height=\"2em\" text_orientation=\"center\" animation_style=\"slide\" animation_direction=\"top\" animation_intensity_slide=\"5%\" locked=\"off\" global_colors_info=\"{}\"]]<\/p>\n<p><span>Moulures, chapeaux et cadres pour d\u00e9corer et encadrer les murs, les plafonds et les portes de tout espace.<\/span><\/p>\n<p>[\/et_pb_text][et_pb_icon font_icon=\"\ue0e6||divi|||400\u2033 url=\"https:\/\/moldurasgarcia.net\/catalogo\/\" _builder_version=\"4.19.2\u2033 _module_preset=\"default\" global_colors_info=\"{}\"][\/et_pb_icon][et_pb_button button_url=\"@ET-DC@eyJkeW5hbWljIjp0cnVlCJb250ZW50IjoicG9zdF9saW5rX3VybF9wYWdlIwic2V0dGluZ3MiOnsicG9zdF9pZCI6IjYMSJ9fQ==@\" button_text=\"Voir le catalogue des produits\" button_alignment=\"center\" _builder_version=\"4.19.2\u2033 _dynamic_attributes=\"button_url\" custom_button=\"on\" button_text_size=\"18px\" button_text_color=\"#ffffffff\" button_bg_color=\"#de2e17\u2033 button_border_width=\"0px\" button_border_color=\"rgba(0,0,0,0)\" button_letter_spacing=\"0px\" button_font=\"Mukta|600|||||||\" button_icon=\"$||divi|||400\u2033 custom_margin=\"3vw||\" custom_padding=\"15px|40px|15px|40px|true|true\" animation_style=\"slide\" animation_direction=\"right\" animation_intensity_slide=\"5%\" locked=\"off\" global_colors_info=\"{}\"][\/et_pb_button][\/et_pb_column][\/et_pb_row][\/et_pb_section][\/et_pb_section][et_pb_section fb_built=\"1\u2033 admin_label=\"Footer\" _builder_version=\"4.19.2\u2033 use_background_color_gradient=\"on\" background_color_gradient_stops=\"rgba(10,0,0,0,0,0.6) 0%|rgba(10,1,1,1,0.6) 100%\" background_color_gradient_overlays_image=\"on\" background_image=\"https:\/\/moldurasgarcia.net\/wp-content\/uploads\/2022\/12\/15828-17154.jpg\" custom_padding=\"0|0px|54px|0px|0px|false|false\" box_shadow_style=\"preset7\u2033 box_shadow_horizontal=\"0px\" box_shadow_vertical=\"120px\" box_shadow_color=\"#ffffff\" locked=\"off\" global_colors_info=\"{}\"][et_pb_row column_structure=\"2_5,3_5\u2033 padding_top_bottom_link_2=\"true\" padding_left_right_link_2=\"true\" _builder_version=\"4.19.2\u2033 width=\"90%\" max_width=\"90%\" module_alignment=\"right\" use_custom_width=\"on\" width_unit=\"off\" custom_width_percent=\"90%\" global_colors_info=\"{}\" animation_style__hover=\"none\" animation_style__hover_enabled=\"none\" animation_repeat__hover=\"once\" animation_repeat__hover_enabled=\"once\" animation_direction__hover=\"center\" animation_direction__hover_enabled=\"center\" animation_duration__hover=\"1000ms\" animation_duration__hover_enabled=\"1000ms\" animation_delay__hover=\"0ms\" animation_delay__hover_enabled=\"0ms\" animation_intensity_slide__hover=\"50%\" animation_intensity_slide__hover_enabled=\"50%\" animation_intensity_zoom__hover=\"50%\" animation_intensity_zoom__hover_enabled=\"50%\" animation_intensity_flip__hover=\"50%\" animation_intensity_flip__hover_enabled=\"50%\" animation_intensity_fold__hover=\"50%\" animation_intensit\u00e9_pliage__hover_enabled=\"50%\" animation_intensit\u00e9_roulement__hover=\"50%\" animation_intensit\u00e9_roulement__hover_enabled=\"50%\" animation_d\u00e9marrage_opacit\u00e9__hover=\"0%\" animation_d\u00e9marrage_opacit\u00e9__hover_enabled=\"0%\" animation_speed_curve__hover=\"ease-in-out\" animation_speed_curve__hover_enabled=\"ease-in-out\"][et_pb_column type=\"2_5\u2033 _builder_version=\"4.16\u2033 custom_padding=\"200px||\" custom_padding_tablet=\"|10vw||\" custom_padding_phone=\"|10vw||\" custom_padding_last_edited=\"on|tablet\" global_colors_info=\"{}\" padding_tablet=\"|10vw||\" padding_last_edited=\"on|tablet\" custom_padding__hover=\"|||||\" padding_phone=\"|10vw||\"][et_pb_divider color=\"#ffffffff\" divider_weight=\"2px\" _builder_version=\"4.16\u2033 max_width=\"50px\" height=\"2px\" animation_style=\"slide\" animation_direction=\"left\" animation_intensity_slide=\"20%\" locked=\"off\" global_colors_info=\"{}\"]][\/et_pb_divider][\/et_pb_divider][et_pb_text _builder_version=\"4.16\u2033 text_font=\"||||||||\" header_font=\"||||||||\" header_2_font=\"Mukta|300|||||||\" header_2_font_size=\"54px\" header_2_line_height=\"1.3em\" background_layout=\"dark\" max_width=\"400px\" custom_margin=\"|||10px\" animation_style=\"slide\" animation_direction=\"left\" animation_intensity_slide=\"5%\" header_2_font_size_tablet=\"36px\" header_2_font_size_phone=\"24px\" header_2_font_size_last_edited=\"on|phone\" locked=\"off\" global_colors_info=\"{}\"]<\/p>\n<h2>Respecter et prendre soin de l'environnement<\/h2>\n<p>[\/et_pb_text][et_pb_text _builder_version=\"4.19.2\u2033 text_font=\"||||||||\" text_line_height=\"2em\" background_layout=\"dark\" max_width=\"400px\" animation_style=\"slide\" animation_direction=\"left\" animation_intensity_slide=\"5%\" locked=\"off\" global_colors_info=\"{}\"]<\/p>\n<p>Nous disposons d'une grande vari\u00e9t\u00e9 de moulures et de cadres en bois d'une qualit\u00e9 exceptionnelle.<\/p>\n<p>[\/et_pb_text][\/et_pb_column][et_pb_column type=\"3_5\u2033 _builder_version=\"4.19.2\u2033 background_image=\"https:\/\/moldurasgarcia.net\/wp-content\/uploads\/2022\/12\/bg_image_03-1x_gris.png\" background_size=\"contain\" background_position=\"top_right\" custom_padding=\"20vw|10vw|20vw|10vw|10vw\" custom_padding_tablet=\"32vw|10vw|32vw|10vw|true|false\" custom_padding_phone=\"40vw||40vw||true\" custom_padding_last_edited=\"on|phone\" global_colors_info=\"{}\" padding_phone=\"40vw||40vw||true\" padding_tablet=\"32vw|10vw|32vw|10vw|true|false\" padding_last_edited=\"on|phone\" custom_padding__hover=\"||||\"][et_pb_text _builder_version=\"4.19.2\u2033 text_font=\"||||||||\" text_line_height=\"2em\" header_3_font=\"Mukta||||||||\" header_3_text_color=\"#0a0a0a0a\" header_3_line_height=\"1.6em\" text_orientation=\"right\" background_layout=\"dark\" max_width=\"300px\" module_alignment=\"right\" animation_style=\"slide\" animation_direction=\"left\" animation_intensity_slide=\"5%\" locked=\"off\" global_colors_info=\"{}\" header_font_size__hover=\"30px\" header_font_size__hover_enabled=\"30px\" header_letter_spacing__hover=\"0px\" header_letter_spacing__hover_enabled=\"0px\" header_text_shadow_style__hover=\"none\" header_text_shadow_style__hover_enabled=\"none\" header_text_shadow_color__hover=\"rgba(0,0,0,0.4)\" header_text_shadow_color__hover_enabled=\"rgba(0,0,0,0,0,0.4)\" header_2_font_size__hover=\"26px\" header_2_font_size__hover_enabled=\"26px\" header_2_letter_letter_spacing__hover=\"0px\" header_2_letter_spacing__hover_enabled=\"0px\" header_2_line_height__hover=\"1em\" header_2_line_height__hover_enabled=\"1em\" header_2_text_shadow_style__hover=\"none\" header_2_text_shadow_style__hover_enabled=\"none\" header_2_text_shadow_color__hover=\"rgba(0,0,0,0.4)\" header_2_text_shadow_color__hover_enabled=\"rgba(0,0,0,0,0,0.4)\" header_3_font_size__hover=\"22px\" header_3_font_size__hover_enabled=\"22px\" header_3_letter_spacing__hover=\"0px\" header_3_letter_spacing__hover_enabled=\"0px\" header_3_line_height__hover=\"1em\" header_3_line_height__hover_enabled=\"1em\" header_3_text_shadow_style__hover=\"none\" header_3_text_shadow_style__hover_enabled=\"none\" header_3_text_shadow_color__hover=\"rgba(0,0,0,0.4)\" header_3_text_shadow_color__hover_enabled=\"rgba(0,0,0,0,0,0.4)\" header_4_font_size__hover=\"18px\" header_4_font_size__hover_enabled=\"18px\" header_4_letter_letter_spacing__hover=\"0px\" header_4_letter_spacing__hover_enabled=\"0px\" header_4_line_height__hover=\"1em\" header_4_line_height__hover_enabled=\"1em\" header_4_text_shadow_style__hover=\"none\" header_4_text_shadow_style__hover_enabled=\"none\" header_4_text_shadow_color__hover=\"rgba(0,0,0,0.4)\" header_4_text_shadow_color__hover_enabled=\"rgba(0,0,0,0,0,0.4)\" header_5_font_size__hover=\"16px\" header_5_font_size__hover_enabled=\"16px\" header_5_letter_spacing__hover=\"0px\" header_5_letter_spacing__hover_enabled=\"0px\" header_5_line_height__hover=\"1em\" header_5_line_height__hover_enabled=\"1em\" header_5_text_shadow_style__hover=\"none\" header_5_text_shadow_style__hover_enabled=\"none\" header_5_text_shadow_color__hover=\"rgba(0,0,0,0.4)\" header_5_text_shadow_color__hover_enabled=\"rgba(0,0,0,0,0,0.4)\" header_6_font_size__hover=\"14px\" header_6_font_size__hover_enabled=\"14px\" header_6_letter_letter_spacing__hover=\"0px\" header_6_letter_spacing__hover_enabled=\"0px\" header_6_line_height__hover=\"1em\" header_6_line_height__hover_enabled=\"1em\" header_6_text_shadow_style__hover=\"none\" header_6_text_shadow_style__hover_enabled=\"none\" header_6_text_shadow_color__hover=\"rgba(0,0,0,0.4)\" header_6_text_shadow_color__hover_enabled=\"rgba(0,0,0,0,0.4)\"]<\/p>\n<h3>Vous pouvez nous appeler sans engagement<\/h3>\n<p>[\/et_pb_text][et_pb_button button_url=\u00bbtel:%20+34%20967%20441%20986&#8243; url_new_window=\u00bbon\u00bb button_text=\u00bb+34 967 441 986&#8243; button_alignment=\u00bbright\u00bb _builder_version=\u00bb4.19.2&#8243; custom_button=\u00bbon\u00bb button_text_size=\u00bb18px\u00bb button_text_color=\u00bb#040404&#8243; button_bg_color=\u00bb#ffffff\u00bb button_border_width=\u00bb0px\u00bb button_border_color=\u00bbrgba(0,0,0,0)\u00bb button_letter_spacing=\u00bb0px\u00bb button_font=\u00bbMukta|600|||||||\u00bb button_icon=\u00bb&#x24;||divi||400&#8243; custom_margin=\u00bb3vw||\u00bb custom_padding=\u00bb15px|40px|15px|40px|true|true\u00bb animation_style=\u00bbslide\u00bb animation_direction=\u00bbright\u00bb animation_intensity_slide=\u00bb5%\u00bb locked=\u00bboff\u00bb global_colors_info=\u00bb{}\u00bb][\/et_pb_button][\/et_pb_column][\/et_pb_row][\/et_pb_section][et_pb_section fb_built=\u00bb1&#8243; _builder_version=\u00bb4.19.2&#8243; _module_preset=\u00bbdefault\u00bb custom_margin=\u00bb20px|0px|20px|0px|false|false\u00bb custom_padding=\u00bb0px|0px|0px|0px|false|false\u00bb global_colors_info=\u00bb{}\u00bb][et_pb_row column_structure=\u00bb1_2,1_2&#8243; _builder_version=\u00bb4.19.2&#8243; _module_preset=\u00bbdefault\u00bb width=\u00bb100%\u00bb module_alignment=\u00bbcenter\u00bb custom_margin=\u00bb0px|0px|0px|0px|false|false\u00bb custom_padding=\u00bb0px|0px|0px|0px|false|false\u00bb global_colors_info=\u00bb{}\u00bb][et_pb_column type=\u00bb1_2&#8243; _builder_version=\u00bb4.19.2&#8243; _module_preset=\u00bbdefault\u00bb custom_padding=\u00bb0px|0px|0px|0px|false|false\u00bb global_colors_info=\u00bb{}\u00bb][et_pb_image src=\u00bbhttps:\/\/moldurasgarcia.net\/wp-content\/uploads\/2023\/02\/Logo-PRTR-tres-lineas.png\u00bb title_text=\u00bbLogo-PRTR-tres-lineas\u00bb show_bottom_space=\u00bboff\u00bb align=\u00bbcenter\u00bb _builder_version=\u00bb4.19.2&#8243; _module_preset=\u00bbdefault\u00bb width=\u00bb70%\u00bb max_width=\u00bb100%\u00bb module_alignment=\u00bbcenter\u00bb custom_margin=\u00bb0px|0px|15px|0px|false|false\u00bb custom_padding=\u00bb0px|0px|0px|0px|false|false\u00bb global_colors_info=\u00bb{}\u00bb][\/et_pb_image][\/et_pb_column][et_pb_column type=\u00bb1_2&#8243; _builder_version=\u00bb4.19.2&#8243; _module_preset=\u00bbdefault\u00bb custom_padding=\u00bb0px|0px|0px|0px|false|false\u00bb global_colors_info=\u00bb{}\u00bb][et_pb_image src=\u00bbhttps:\/\/moldurasgarcia.net\/wp-content\/uploads\/2023\/06\/ES_Financiado_por_la_Union_Europea_RGB_POS.png\u00bb title_text=\u00bbES Financiado por la Union Europea\u00bb show_bottom_space=\u00bboff\u00bb align=\u00bbcenter\u00bb _builder_version=\u00bb4.19.2&#8243; _module_preset=\u00bbdefault\u00bb width=\u00bb70%\u00bb max_width=\u00bb100%\u00bb custom_margin=\u00bb0px|0px|15px|0px|false|false\u00bb custom_padding=\u00bb0px|0px|0px|0px|false|false\u00bb hover_enabled=\u00bb0&#8243; global_colors_info=\u00bb{}\u00bb alt=\u00bbES Financiado por la Union Europea\u00bb sticky_enabled=\u00bb0&#8243;][\/et_pb_image][\/et_pb_column][\/et_pb_row][\/et_pb_section]<\/p>","protected":false},"excerpt":{"rendered":"<p>\u00c9levez vos projets \u00e0 un autre niveau avec nos produits finis en bois pour les professionnelsNous produisons des moulures et des cadres en bois durs et en bois tropicaux d'une qualit\u00e9 exceptionnelle\u00c9l\u00e9gance et sophisticationLe bois est un mat\u00e9riau d'une grande beaut\u00e9 qui ajoute de l'\u00e9l\u00e9gance et de la sophistication \u00e0 n'importe quel projet de construction ou de remodelage. Parmi les produits finis en bois, les moulures, [...]<\/p>","protected":false},"author":2,"featured_media":0,"parent":0,"menu_order":1,"comment_status":"closed","ping_status":"closed","template":"","meta":{"_et_pb_use_builder":"on","_et_pb_old_content":"<!-- wp:divi\/placeholder \/-->","_et_gb_content_width":"","om_disable_all_campaigns":false,"footnotes":""},"class_list":["post-57","page","type-page","status-publish","hentry"],"aioseo_notices":[],"_links":{"self":[{"href":"https:\/\/moldurasgarcia.net\/fr\/wp-json\/wp\/v2\/pages\/57","targetHints":{"allow":["GET"]}}],"collection":[{"href":"https:\/\/moldurasgarcia.net\/fr\/wp-json\/wp\/v2\/pages"}],"about":[{"href":"https:\/\/moldurasgarcia.net\/fr\/wp-json\/wp\/v2\/types\/page"}],"author":[{"embeddable":true,"href":"https:\/\/moldurasgarcia.net\/fr\/wp-json\/wp\/v2\/users\/2"}],"replies":[{"embeddable":true,"href":"https:\/\/moldurasgarcia.net\/fr\/wp-json\/wp\/v2\/comments?post=57"}],"version-history":[{"count":43,"href":"https:\/\/moldurasgarcia.net\/fr\/wp-json\/wp\/v2\/pages\/57\/revisions"}],"predecessor-version":[{"id":814,"href":"https:\/\/moldurasgarcia.net\/fr\/wp-json\/wp\/v2\/pages\/57\/revisions\/814"}],"wp:attachment":[{"href":"https:\/\/moldurasgarcia.net\/fr\/wp-json\/wp\/v2\/media?parent=57"}],"curies":[{"name":"wp","href":"https:\/\/api.w.org\/{rel}","templated":true}]}}